{"id":39677,"date":"2026-02-19T16:15:03","date_gmt":"2026-02-19T15:15:03","guid":{"rendered":"https:\/\/srfb.be\/?page_id=39677"},"modified":"2026-02-19T17:01:52","modified_gmt":"2026-02-19T16:01:52","slug":"wood-to-know-feel-wood-ii","status":"publish","type":"page","link":"https:\/\/www.kbbm.be\/en\/formations-et-activites\/nos-projets\/wood-to-know-feel-wood-ii\/","title":{"rendered":"Wood to Know - Feel Wood II"},"content":{"rendered":"<div class=\"yoast-breadcrumbs\"><span><span><a href=\"https:\/\/kbbm.be\/de\/\">Home<\/a><\/span> &gt; <span><a href=\"https:\/\/kbbm.be\/nl\/opleidingen-en-activiteiten\/\">Trainings and activities<\/a><\/span> &gt; <span><a href=\"https:\/\/kbbm.be\/nl\/opleidingen-en-activiteiten\/ons-projecten\/\">Our projects<\/a><\/span> &gt; <span class=\"breadcrumb_last\" aria-current=\"page\"><strong>Wood to Know - Feel Wood II<\/strong><\/span><\/span><\/div>\n\n\n<div style=\"height:25px\" aria-hidden=\"true\" class=\"wp-block-spacer\"><\/div>\n\n\n\n<div class=\"wp-block-group is-layout-constrained wp-container-core-group-is-layout-bdbfdc43 wp-block-group-is-layout-constrained\">\n<h2 class=\"wp-block-heading\"><strong>Vers une fili\u00e8re for\u00eat-bois plus r\u00e9siliente et mieux comprise : cap sur Feel Wood II !<\/strong><\/h2>\n\n\n\n<p>Apr\u00e8s le succ\u00e8s du projet&nbsp;<strong>For\u00eat Pro Bos<\/strong>&nbsp;(programme Interreg France\u2013Wallonie\u2013Vlaanderen), qui avait permis d\u2019exp\u00e9rimenter de nouvelles actions de sensibilisation aux enjeux forestiers, nous sommes fiers de poursuivre cette dynamique \u00e0 travers&nbsp;<strong>Feel Wood II<\/strong>&nbsp;\u2014 un&nbsp;<strong>nouveau projet transfrontalier<\/strong>&nbsp;cofinanc\u00e9 par le&nbsp;<strong>FEDER<\/strong>&nbsp;via le programme&nbsp;<strong>Interreg France\u2013Wallonie\u2013Vlaanderen<\/strong>.<\/p>\n\n\n\n<h3 class=\"wp-block-heading\"><strong>Pourquoi Feel Wood II ?<\/strong><\/h3>\n\n\n\n<p>Parce que le\u00a0<strong>changement climatique<\/strong>\u00a0impose d\u2019adapter nos for\u00eats, nos pratiques et nos connaissances.<br>Parce qu\u2019il est urgent de\u00a0<strong>mieux dialoguer<\/strong>\u00a0entre citoyens, professionnels et d\u00e9cideurs pour lever les incompr\u00e9hensions et renforcer le lien entre\u00a0<strong>for\u00eat et bois<\/strong>, entre\u00a0<strong>nature et soci\u00e9t\u00e9<\/strong>.<\/p>\n\n\n\n<p>Sous les th\u00e8mes de la&nbsp;<strong>transition<\/strong>, de la&nbsp;<strong>r\u00e9silience<\/strong>&nbsp;et du&nbsp;<strong>d\u00e9veloppement \u00e9conomique<\/strong>, Feel Wood II se d\u00e9cline en quatre volets :<\/p>\n\n\n\n<ul class=\"wp-block-list\">\n<li><em>Wood to Know<\/em>\u00a0(ensemble vers une fili\u00e8re for\u00eat-bois multifonctionnelle et adapt\u00e9e aux changements climatiques, partage des connaissances)<\/li>\n\n\n\n<li><em>Wood to\u00a0Build<\/em>\u00a0(renforcer le fili\u00e8re bois transfrontali\u00e8re en modernisant la formation, en valorisant les m\u00e9tiers du bois et en favorisant la mobilit\u00e9)<\/li>\n\n\n\n<li><em>TETrA Bois<\/em>\u00a0(Toile Economique Transfrontali\u00e8re de l\u2019Ardenne sur la fili\u00e8re bois)<\/li>\n\n\n\n<li><em>Forest Wood<\/em>\u00a0(promotion des for\u00eats r\u00e9silientes et valorisation de la ressource en bois inh\u00e9rente aux nouvelles pratiques sylvicoles)<\/li>\n<\/ul>\n\n\n\n<p>La SRFB&nbsp;sera active&nbsp;dans le&nbsp;projet&nbsp;<strong>Wood<\/strong><strong>&nbsp;to Know,&nbsp;<\/strong>et&nbsp;contribuera \u00e0&nbsp;d\u00e9velopper :<\/p>\n\n\n\n<ul class=\"wp-block-list\">\n<li>des\u00a0<strong>espaces d\u2019\u00e9changes<\/strong>\u00a0pour les professionnels,<\/li>\n\n\n\n<li>des\u00a0<strong>outils p\u00e9dagogiques<\/strong>\u00a0and\u00a0<strong>\u00e9v\u00e9nements grand public<\/strong>,<\/li>\n\n\n\n<li>des\u00a0<strong>initiatives destin\u00e9es aux d\u00e9cideurs territoriaux<\/strong>, afin d\u2019int\u00e9grer la for\u00eat dans les strat\u00e9gies de r\u00e9silience climatique.<\/li>\n<\/ul>\n\n\n\n<p>Le projet se d\u00e9roule du&nbsp;1er&nbsp;octobre 2025 au&nbsp;31&nbsp;mars 2029, en partenariat avec Fibois&nbsp;Grand-Est et Fibois Hauts-de-France, le Carah,&nbsp;Hout Info Bois, le CDAF, Fili\u00e8re Bois Wallonie,&nbsp;le CNPF Hauts-de France Normandie&nbsp;et&nbsp;PEFC Territoires (site des Hauts-de-France). L\u2019ANB, la Haute Ecole de la Province de Hainaut Condorcet, l&rsquo;ONF &#8211; Agence de Lille et Agende de Compi\u00e8gne sont des partenaires associ\u00e9s au projet.<\/p>\n\n\n\n<div class=\"wp-block-buttons has-custom-font-size has-small-font-size is-content-justification-center is-layout-flex wp-container-core-buttons-is-layout-a89b3969 wp-block-buttons-is-layout-flex\">\n<div class=\"wp-block-button\"><a class=\"wp-block-button__link wp-element-button\" href=\"https:\/\/www.feel-wood2.eu\/wood-to-know\/\" target=\"_blank\" rel=\"noreferrer noopener\">Visiter le site internet<\/a><\/div>\n<\/div>\n<\/div>\n\n\n\n<h3 class=\"wp-block-heading has-text-align-center\"><strong>Suivez-nous sur les r\u00e9seaux<\/strong><\/h3>\n\n\n\n<ul class=\"wp-block-social-links has-icon-background-color is-style-default is-content-justification-center is-layout-flex wp-container-core-social-links-is-layout-a89b3969 wp-block-social-links-is-layout-flex\"><li style=\"background-color:#006341;\" class=\"wp-social-link wp-social-link-facebook has-vert-fonce-color-background-color wp-block-social-link\"><a rel=\"noopener nofollow\" target=\"_blank\" href=\"https:\/\/www.facebook.com\/WoodToKnow\" class=\"wp-block-social-link-anchor\"><svg width=\"24\" height=\"24\" viewbox=\"0 0 24 24\" version=\"1.1\" xmlns=\"http:\/\/www.w3.org\/2000\/svg\" aria-hidden=\"true\" focusable=\"false\"><path d=\"M12 2C6.5 2 2 6.5 2 12c0 5 3.7 9.1 8.4 9.9v-7H7.9V12h2.5V9.8c0-2.5 1.5-3.9 3.8-3.9 1.1 0 2.2.2 2.2.2v2.5h-1.3c-1.2 0-1.6.8-1.6 1.6V12h2.8l-.4 2.9h-2.3v7C18.3 21.1 22 17 22 12c0-5.5-4.5-10-10-10z\"><\/path><\/svg><span class=\"wp-block-social-link-label screen-reader-text\">Facebook<\/span><\/a><\/li>\n\n<li style=\"background-color:#006341;\" class=\"wp-social-link wp-social-link-linkedin has-vert-fonce-color-background-color wp-block-social-link\"><a rel=\"noopener nofollow\" target=\"_blank\" href=\"https:\/\/www.linkedin.com\/company\/wood-to-know-interreg\" class=\"wp-block-social-link-anchor\"><svg width=\"24\" height=\"24\" viewbox=\"0 0 24 24\" version=\"1.1\" xmlns=\"http:\/\/www.w3.org\/2000\/svg\" aria-hidden=\"true\" focusable=\"false\"><path d=\"M19.7,3H4.3C3.582,3,3,3.582,3,4.3v15.4C3,20.418,3.582,21,4.3,21h15.4c0.718,0,1.3-0.582,1.3-1.3V4.3 C21,3.582,20.418,3,19.7,3z M8.339,18.338H5.667v-8.59h2.672V18.338z M7.004,8.574c-0.857,0-1.549-0.694-1.549-1.548 c0-0.855,0.691-1.548,1.549-1.548c0.854,0,1.547,0.694,1.547,1.548C8.551,7.881,7.858,8.574,7.004,8.574z M18.339,18.338h-2.669 v-4.177c0-0.996-0.017-2.278-1.387-2.278c-1.389,0-1.601,1.086-1.601,2.206v4.249h-2.667v-8.59h2.559v1.174h0.037 c0.356-0.675,1.227-1.387,2.526-1.387c2.703,0,3.203,1.779,3.203,4.092V18.338z\"><\/path><\/svg><span class=\"wp-block-social-link-label screen-reader-text\">LinkedIn<\/span><\/a><\/li>\n\n<li style=\"background-color:#006341;\" class=\"wp-social-link wp-social-link-instagram has-vert-fonce-color-background-color wp-block-social-link\"><a rel=\"noopener nofollow\" target=\"_blank\" href=\"https:\/\/www.instagram.com\/woodtoknow\/\" class=\"wp-block-social-link-anchor\"><svg width=\"24\" height=\"24\" viewbox=\"0 0 24 24\" version=\"1.1\" xmlns=\"http:\/\/www.w3.org\/2000\/svg\" aria-hidden=\"true\" focusable=\"false\"><path d=\"M12,4.622c2.403,0,2.688,0.009,3.637,0.052c0.877,0.04,1.354,0.187,1.671,0.31c0.42,0.163,0.72,0.358,1.035,0.673 c0.315,0.315,0.51,0.615,0.673,1.035c0.123,0.317,0.27,0.794,0.31,1.671c0.043,0.949,0.052,1.234,0.052,3.637 s-0.009,2.688-0.052,3.637c-0.04,0.877-0.187,1.354-0.31,1.671c-0.163,0.42-0.358,0.72-0.673,1.035 c-0.315,0.315-0.615,0.51-1.035,0.673c-0.317,0.123-0.794,0.27-1.671,0.31c-0.949,0.043-1.233,0.052-3.637,0.052 s-2.688-0.009-3.637-0.052c-0.877-0.04-1.354-0.187-1.671-0.31c-0.42-0.163-0.72-0.358-1.035-0.673 c-0.315-0.315-0.51-0.615-0.673-1.035c-0.123-0.317-0.27-0.794-0.31-1.671C4.631,14.688,4.622,14.403,4.622,12 s0.009-2.688,0.052-3.637c0.04-0.877,0.187-1.354,0.31-1.671c0.163-0.42,0.358-0.72,0.673-1.035 c0.315-0.315,0.615-0.51,1.035-0.673c0.317-0.123,0.794-0.27,1.671-0.31C9.312,4.631,9.597,4.622,12,4.622 M12,3 C9.556,3,9.249,3.01,8.289,3.054C7.331,3.098,6.677,3.25,6.105,3.472C5.513,3.702,5.011,4.01,4.511,4.511 c-0.5,0.5-0.808,1.002-1.038,1.594C3.25,6.677,3.098,7.331,3.054,8.289C3.01,9.249,3,9.556,3,12c0,2.444,0.01,2.751,0.054,3.711 c0.044,0.958,0.196,1.612,0.418,2.185c0.23,0.592,0.538,1.094,1.038,1.594c0.5,0.5,1.002,0.808,1.594,1.038 c0.572,0.222,1.227,0.375,2.185,0.418C9.249,20.99,9.556,21,12,21s2.751-0.01,3.711-0.054c0.958-0.044,1.612-0.196,2.185-0.418 c0.592-0.23,1.094-0.538,1.594-1.038c0.5-0.5,0.808-1.002,1.038-1.594c0.222-0.572,0.375-1.227,0.418-2.185 C20.99,14.751,21,14.444,21,12s-0.01-2.751-0.054-3.711c-0.044-0.958-0.196-1.612-0.418-2.185c-0.23-0.592-0.538-1.094-1.038-1.594 c-0.5-0.5-1.002-0.808-1.594-1.038c-0.572-0.222-1.227-0.375-2.185-0.418C14.751,3.01,14.444,3,12,3L12,3z M12,7.378 c-2.552,0-4.622,2.069-4.622,4.622S9.448,16.622,12,16.622s4.622-2.069,4.622-4.622S14.552,7.378,12,7.378z M12,15 c-1.657,0-3-1.343-3-3s1.343-3,3-3s3,1.343,3,3S13.657,15,12,15z M16.804,6.116c-0.596,0-1.08,0.484-1.08,1.08 s0.484,1.08,1.08,1.08c0.596,0,1.08-0.484,1.08-1.08S17.401,6.116,16.804,6.116z\"><\/path><\/svg><span class=\"wp-block-social-link-label screen-reader-text\">Instagram<\/span><\/a><\/li><\/ul>\n\n\n\n<div class=\"wp-block-group is-layout-constrained wp-block-group-is-layout-constrained\">\n<figure class=\"wp-block-image aligncenter size-full is-resized\"><img loading=\"lazy\" decoding=\"async\" width=\"1496\" height=\"689\" src=\"https:\/\/srfb.be\/wp-content\/uploads\/2026\/02\/Logo-Interreg-VI@2x.png.webp\" alt=\"Logo Interreg VI\" class=\"wp-image-39679\" style=\"width:250px\" srcset=\"https:\/\/www.kbbm.be\/wp-content\/uploads\/2026\/02\/Logo-Interreg-VI@2x.png.webp 1496w, https:\/\/www.kbbm.be\/wp-content\/uploads\/2026\/02\/Logo-Interreg-VI@2x.png-300x138.webp 300w, https:\/\/www.kbbm.be\/wp-content\/uploads\/2026\/02\/Logo-Interreg-VI@2x.png-1024x472.webp 1024w, https:\/\/www.kbbm.be\/wp-content\/uploads\/2026\/02\/Logo-Interreg-VI@2x.png-768x354.webp 768w, https:\/\/www.kbbm.be\/wp-content\/uploads\/2026\/02\/Logo-Interreg-VI@2x.png-18x8.webp 18w, https:\/\/www.kbbm.be\/wp-content\/uploads\/2026\/02\/Logo-Interreg-VI@2x.png-600x276.webp 600w\" sizes=\"auto, (max-width: 1496px) 100vw, 1496px\" \/><\/figure>\n<\/div>","protected":false},"excerpt":{"rendered":"<p>Understanding the forest to better protect it<\/p>","protected":false},"author":18,"featured_media":15932,"parent":35658,"menu_order":0,"comment_status":"closed","ping_status":"closed","template":"","meta":{"iawp_total_views":15,"footnotes":""},"class_list":["post-39677","page","type-page","status-publish","has-post-thumbnail","hentry"],"yoast_head":"<!-- This site is optimized with the Yoast SEO plugin v27.4 - https:\/\/yoast.com\/product\/yoast-seo-wordpress\/ -->\n<title>Wood to Know - Feel Wood II - Soci\u00e9t\u00e9 Royale Foresti\u00e8re de Belgique<\/title>\n<meta name=\"robots\" content=\"index, follow, max-snippet:-1, max-image-preview:large, max-video-preview:-1\" \/>\n<link rel=\"canonical\" href=\"https:\/\/srfb.be\/formations-et-activites\/nos-projets\/wood-to-know-feel-wood-ii\/\" \/>\n<meta property=\"og:locale\" content=\"en_GB\" \/>\n<meta property=\"og:type\" content=\"article\" \/>\n<meta property=\"og:title\" content=\"Wood to Know - Feel Wood II - Soci\u00e9t\u00e9 Royale Foresti\u00e8re de Belgique\" \/>\n<meta property=\"og:description\" content=\"Comprendre la for\u00eat pour mieux la prot\u00e9ger\" \/>\n<meta property=\"og:url\" content=\"https:\/\/srfb.be\/formations-et-activites\/nos-projets\/wood-to-know-feel-wood-ii\/\" \/>\n<meta property=\"og:site_name\" content=\"Soci\u00e9t\u00e9 Royale Foresti\u00e8re de Belgique\" \/>\n<meta property=\"article:publisher\" content=\"https:\/\/www.facebook.com\/srfb.be\" \/>\n<meta property=\"article:modified_time\" content=\"2026-02-19T16:01:52+00:00\" \/>\n<meta property=\"og:image\" content=\"https:\/\/srfb.be\/wp-content\/uploads\/2021\/03\/visite-guid\u00e9e_Groenendaal3.jpg\" \/>\n\t<meta property=\"og:image:width\" content=\"1632\" \/>\n\t<meta property=\"og:image:height\" content=\"1224\" \/>\n\t<meta property=\"og:image:type\" content=\"image\/jpeg\" \/>\n<script type=\"application\/ld+json\" class=\"yoast-schema-graph\">{\"@context\":\"https:\\\/\\\/schema.org\",\"@graph\":[{\"@type\":\"WebPage\",\"@id\":\"https:\\\/\\\/srfb.be\\\/formations-et-activites\\\/nos-projets\\\/wood-to-know-feel-wood-ii\\\/\",\"url\":\"https:\\\/\\\/srfb.be\\\/formations-et-activites\\\/nos-projets\\\/wood-to-know-feel-wood-ii\\\/\",\"name\":\"Wood to Know - Feel Wood II - Soci\u00e9t\u00e9 Royale Foresti\u00e8re de Belgique\",\"isPartOf\":{\"@id\":\"https:\\\/\\\/kbbm.be\\\/de\\\/#website\"},\"primaryImageOfPage\":{\"@id\":\"https:\\\/\\\/srfb.be\\\/formations-et-activites\\\/nos-projets\\\/wood-to-know-feel-wood-ii\\\/#primaryimage\"},\"image\":{\"@id\":\"https:\\\/\\\/srfb.be\\\/formations-et-activites\\\/nos-projets\\\/wood-to-know-feel-wood-ii\\\/#primaryimage\"},\"thumbnailUrl\":\"https:\\\/\\\/www.kbbm.be\\\/wp-content\\\/uploads\\\/2021\\\/03\\\/visite-guid\u00e9e_Groenendaal3.jpg\",\"datePublished\":\"2026-02-19T15:15:03+00:00\",\"dateModified\":\"2026-02-19T16:01:52+00:00\",\"breadcrumb\":{\"@id\":\"https:\\\/\\\/srfb.be\\\/formations-et-activites\\\/nos-projets\\\/wood-to-know-feel-wood-ii\\\/#breadcrumb\"},\"inLanguage\":\"en-GB\",\"potentialAction\":[{\"@type\":\"ReadAction\",\"target\":[\"https:\\\/\\\/srfb.be\\\/formations-et-activites\\\/nos-projets\\\/wood-to-know-feel-wood-ii\\\/\"]}]},{\"@type\":\"ImageObject\",\"inLanguage\":\"en-GB\",\"@id\":\"https:\\\/\\\/srfb.be\\\/formations-et-activites\\\/nos-projets\\\/wood-to-know-feel-wood-ii\\\/#primaryimage\",\"url\":\"https:\\\/\\\/www.kbbm.be\\\/wp-content\\\/uploads\\\/2021\\\/03\\\/visite-guid\u00e9e_Groenendaal3.jpg\",\"contentUrl\":\"https:\\\/\\\/www.kbbm.be\\\/wp-content\\\/uploads\\\/2021\\\/03\\\/visite-guid\u00e9e_Groenendaal3.jpg\",\"width\":1632,\"height\":1224},{\"@type\":\"BreadcrumbList\",\"@id\":\"https:\\\/\\\/srfb.be\\\/formations-et-activites\\\/nos-projets\\\/wood-to-know-feel-wood-ii\\\/#breadcrumb\",\"itemListElement\":[{\"@type\":\"ListItem\",\"position\":1,\"name\":\"Accueil\",\"item\":\"https:\\\/\\\/kbbm.be\\\/de\\\/\"},{\"@type\":\"ListItem\",\"position\":2,\"name\":\"Formations et activit\u00e9s\",\"item\":\"https:\\\/\\\/kbbm.be\\\/nl\\\/opleidingen-en-activiteiten\\\/\"},{\"@type\":\"ListItem\",\"position\":3,\"name\":\"Nos projets\",\"item\":\"https:\\\/\\\/kbbm.be\\\/nl\\\/opleidingen-en-activiteiten\\\/ons-projecten\\\/\"},{\"@type\":\"ListItem\",\"position\":4,\"name\":\"Wood to Know &#8211; Feel Wood II\"}]},{\"@type\":\"WebSite\",\"@id\":\"https:\\\/\\\/kbbm.be\\\/de\\\/#website\",\"url\":\"https:\\\/\\\/kbbm.be\\\/de\\\/\",\"name\":\"Soci\u00e9t\u00e9 Royale Foresti\u00e8re de Belgique\",\"description\":\"Au service de la for\u00eat et des forestiers\",\"publisher\":{\"@id\":\"https:\\\/\\\/kbbm.be\\\/de\\\/#organization\"},\"alternateName\":\"SRFB-KBBM\",\"potentialAction\":[{\"@type\":\"SearchAction\",\"target\":{\"@type\":\"EntryPoint\",\"urlTemplate\":\"https:\\\/\\\/kbbm.be\\\/de\\\/?s={search_term_string}\"},\"query-input\":{\"@type\":\"PropertyValueSpecification\",\"valueRequired\":true,\"valueName\":\"search_term_string\"}}],\"inLanguage\":\"en-GB\"},{\"@type\":\"Organization\",\"@id\":\"https:\\\/\\\/kbbm.be\\\/de\\\/#organization\",\"name\":\"Soci\u00e9t\u00e9 Royale Foresti\u00e8re De Belgique - Koninklijke Belgische Bosbouwmaatschappij\",\"alternateName\":\"SRFB-KBBM\",\"url\":\"https:\\\/\\\/kbbm.be\\\/de\\\/\",\"logo\":{\"@type\":\"ImageObject\",\"inLanguage\":\"en-GB\",\"@id\":\"https:\\\/\\\/kbbm.be\\\/de\\\/#\\\/schema\\\/logo\\\/image\\\/\",\"url\":\"https:\\\/\\\/srfb.be\\\/wp-content\\\/uploads\\\/2019\\\/06\\\/android-chrome-256x256.png\",\"contentUrl\":\"https:\\\/\\\/srfb.be\\\/wp-content\\\/uploads\\\/2019\\\/06\\\/android-chrome-256x256.png\",\"width\":1200,\"height\":1232,\"caption\":\"Soci\u00e9t\u00e9 Royale Foresti\u00e8re De Belgique - Koninklijke Belgische Bosbouwmaatschappij\"},\"image\":{\"@id\":\"https:\\\/\\\/kbbm.be\\\/de\\\/#\\\/schema\\\/logo\\\/image\\\/\"},\"sameAs\":[\"https:\\\/\\\/www.facebook.com\\\/srfb.be\",\"https:\\\/\\\/www.instagram.com\\\/srfb_kbbm\\\/\",\"https:\\\/\\\/www.linkedin.com\\\/company\\\/srfb-kbbm\\\/\",\"https:\\\/\\\/www.youtube.com\\\/user\\\/srfbkbbm\"]}]}<\/script>\n<!-- \/ Yoast SEO plugin. -->","yoast_head_json":{"title":"Wood to Know - Feel Wood II - Soci\u00e9t\u00e9 Royale Foresti\u00e8re de Belgique","robots":{"index":"index","follow":"follow","max-snippet":"max-snippet:-1","max-image-preview":"max-image-preview:large","max-video-preview":"max-video-preview:-1"},"canonical":"https:\/\/srfb.be\/formations-et-activites\/nos-projets\/wood-to-know-feel-wood-ii\/","og_locale":"en_GB","og_type":"article","og_title":"Wood to Know - Feel Wood II - Soci\u00e9t\u00e9 Royale Foresti\u00e8re de Belgique","og_description":"Comprendre la for\u00eat pour mieux la prot\u00e9ger","og_url":"https:\/\/srfb.be\/formations-et-activites\/nos-projets\/wood-to-know-feel-wood-ii\/","og_site_name":"Soci\u00e9t\u00e9 Royale Foresti\u00e8re de Belgique","article_publisher":"https:\/\/www.facebook.com\/srfb.be","article_modified_time":"2026-02-19T16:01:52+00:00","og_image":[{"width":1632,"height":1224,"url":"https:\/\/srfb.be\/wp-content\/uploads\/2021\/03\/visite-guid\u00e9e_Groenendaal3.jpg","type":"image\/jpeg"}],"schema":{"@context":"https:\/\/schema.org","@graph":[{"@type":"WebPage","@id":"https:\/\/srfb.be\/formations-et-activites\/nos-projets\/wood-to-know-feel-wood-ii\/","url":"https:\/\/srfb.be\/formations-et-activites\/nos-projets\/wood-to-know-feel-wood-ii\/","name":"Wood to Know - Feel Wood II - Soci\u00e9t\u00e9 Royale Foresti\u00e8re de Belgique","isPartOf":{"@id":"https:\/\/kbbm.be\/de\/#website"},"primaryImageOfPage":{"@id":"https:\/\/srfb.be\/formations-et-activites\/nos-projets\/wood-to-know-feel-wood-ii\/#primaryimage"},"image":{"@id":"https:\/\/srfb.be\/formations-et-activites\/nos-projets\/wood-to-know-feel-wood-ii\/#primaryimage"},"thumbnailUrl":"https:\/\/www.kbbm.be\/wp-content\/uploads\/2021\/03\/visite-guid\u00e9e_Groenendaal3.jpg","datePublished":"2026-02-19T15:15:03+00:00","dateModified":"2026-02-19T16:01:52+00:00","breadcrumb":{"@id":"https:\/\/srfb.be\/formations-et-activites\/nos-projets\/wood-to-know-feel-wood-ii\/#breadcrumb"},"inLanguage":"en-GB","potentialAction":[{"@type":"ReadAction","target":["https:\/\/srfb.be\/formations-et-activites\/nos-projets\/wood-to-know-feel-wood-ii\/"]}]},{"@type":"ImageObject","inLanguage":"en-GB","@id":"https:\/\/srfb.be\/formations-et-activites\/nos-projets\/wood-to-know-feel-wood-ii\/#primaryimage","url":"https:\/\/www.kbbm.be\/wp-content\/uploads\/2021\/03\/visite-guid\u00e9e_Groenendaal3.jpg","contentUrl":"https:\/\/www.kbbm.be\/wp-content\/uploads\/2021\/03\/visite-guid\u00e9e_Groenendaal3.jpg","width":1632,"height":1224},{"@type":"BreadcrumbList","@id":"https:\/\/srfb.be\/formations-et-activites\/nos-projets\/wood-to-know-feel-wood-ii\/#breadcrumb","itemListElement":[{"@type":"ListItem","position":1,"name":"Accueil","item":"https:\/\/kbbm.be\/de\/"},{"@type":"ListItem","position":2,"name":"Formations et activit\u00e9s","item":"https:\/\/kbbm.be\/nl\/opleidingen-en-activiteiten\/"},{"@type":"ListItem","position":3,"name":"Nos projets","item":"https:\/\/kbbm.be\/nl\/opleidingen-en-activiteiten\/ons-projecten\/"},{"@type":"ListItem","position":4,"name":"Wood to Know &#8211; Feel Wood II"}]},{"@type":"WebSite","@id":"https:\/\/kbbm.be\/de\/#website","url":"https:\/\/kbbm.be\/de\/","name":"Royal Forestry Society of Belgium","description":"Serving forests and foresters","publisher":{"@id":"https:\/\/kbbm.be\/de\/#organization"},"alternateName":"SRFB-KBBM","potentialAction":[{"@type":"SearchAction","target":{"@type":"EntryPoint","urlTemplate":"https:\/\/kbbm.be\/de\/?s={search_term_string}"},"query-input":{"@type":"PropertyValueSpecification","valueRequired":true,"valueName":"search_term_string"}}],"inLanguage":"en-GB"},{"@type":"Organization","@id":"https:\/\/kbbm.be\/de\/#organization","name":"Soci\u00e9t\u00e9 Royale Foresti\u00e8re De Belgique - Koninklijke Belgische Bosbouwmaatschappij","alternateName":"SRFB-KBBM","url":"https:\/\/kbbm.be\/de\/","logo":{"@type":"ImageObject","inLanguage":"en-GB","@id":"https:\/\/kbbm.be\/de\/#\/schema\/logo\/image\/","url":"https:\/\/srfb.be\/wp-content\/uploads\/2019\/06\/android-chrome-256x256.png","contentUrl":"https:\/\/srfb.be\/wp-content\/uploads\/2019\/06\/android-chrome-256x256.png","width":1200,"height":1232,"caption":"Soci\u00e9t\u00e9 Royale Foresti\u00e8re De Belgique - Koninklijke Belgische Bosbouwmaatschappij"},"image":{"@id":"https:\/\/kbbm.be\/de\/#\/schema\/logo\/image\/"},"sameAs":["https:\/\/www.facebook.com\/srfb.be","https:\/\/www.instagram.com\/srfb_kbbm\/","https:\/\/www.linkedin.com\/company\/srfb-kbbm\/","https:\/\/www.youtube.com\/user\/srfbkbbm"]}]}},"_links":{"self":[{"href":"https:\/\/www.kbbm.be\/en\/wp-json\/wp\/v2\/pages\/39677","targetHints":{"allow":["GET"]}}],"collection":[{"href":"https:\/\/www.kbbm.be\/en\/wp-json\/wp\/v2\/pages"}],"about":[{"href":"https:\/\/www.kbbm.be\/en\/wp-json\/wp\/v2\/types\/page"}],"author":[{"embeddable":true,"href":"https:\/\/www.kbbm.be\/en\/wp-json\/wp\/v2\/users\/18"}],"replies":[{"embeddable":true,"href":"https:\/\/www.kbbm.be\/en\/wp-json\/wp\/v2\/comments?post=39677"}],"version-history":[{"count":5,"href":"https:\/\/www.kbbm.be\/en\/wp-json\/wp\/v2\/pages\/39677\/revisions"}],"predecessor-version":[{"id":39687,"href":"https:\/\/www.kbbm.be\/en\/wp-json\/wp\/v2\/pages\/39677\/revisions\/39687"}],"up":[{"embeddable":true,"href":"https:\/\/www.kbbm.be\/en\/wp-json\/wp\/v2\/pages\/35658"}],"wp:featuredmedia":[{"embeddable":true,"href":"https:\/\/www.kbbm.be\/en\/wp-json\/wp\/v2\/media\/15932"}],"wp:attachment":[{"href":"https:\/\/www.kbbm.be\/en\/wp-json\/wp\/v2\/media?parent=39677"}],"curies":[{"name":"wp","href":"https:\/\/api.w.org\/{rel}","templated":true}]}}